{"id":11,"date":"2020-09-18T11:46:52","date_gmt":"2020-09-18T11:46:52","guid":{"rendered":"http:\/\/www.okaberturas.com.ar\/wp\/home\/"},"modified":"2022-12-19T14:59:28","modified_gmt":"2022-12-19T14:59:28","slug":"home","status":"publish","type":"page","link":"http:\/\/www.okaberturas.com.ar\/wp\/","title":{"rendered":"Okey"},"content":{"rendered":"\n\n\n\n\n<h2>Quienes Somos<\/h2>\n\n<p>Nuestra carpinter\u00eda est\u00e1 localizada en la ciudad de Centenario, Provincia de Neuqu\u00e9n.&nbsp;<\/p><p>Est\u00e1 equipada con maquinas de \u00faltima generaci\u00f3n que permiten la fabricaci\u00f3n de aberturas de aluminio y DVH (doble vidrio herm\u00e9tico) con los mas altos est\u00e1ndares de calidad.<\/p><p>Contamos con el sistema europeo Panaspacer para la fabricaci\u00f3n de DVH. Este sistema est\u00e1 testeado en ambiente de temperaturas extremadamente bajas y altas, en los las \u00faltimas d\u00e9cadas se ha convertido en el estandar de los paises europeos.&nbsp;<\/p><p>Las punzonadoras neum\u00e1ticas junto con las mediciones digitales incorporadas las maquinas permiten un cierre perfecto en las uniones y en el ensamblaje.<\/p><p>Trabajamos todas las l\u00edneas de perfiles de Aluar.<\/p>\n\n\n<h2>2005<\/h2>\n\n\n\n\n\n\n\n\n\n\n\n<h2>TECNOLOG\u00cdA&nbsp;<\/h2><h2>Y DISE\u00d1O&nbsp;<\/h2><h2>EN TU HOGAR<\/h2>\n\n<p><span style=\"font-family: sen; font-size: 16px; font-style: normal; font-variant-ligatures: normal; font-variant-caps: normal; font-weight: 400;\">Una de las principales misiones que cumplen las aberturas son de ventilaci\u00f3n, permitiendo a trav\u00e9s de ellas la comunicaci\u00f3n del interior de la estancia con el exterior. Es evidente que, trat\u00e1ndose de un recinto habitable, la exposici\u00f3n al ambiente externo no puede ser permanente por razones climatol\u00f3gicas, de ah\u00ed que se precise disponer de un sistema de cierre eficaz. No obstante, las hojas de las aberturas que sirven de cerramiento no deben impedir otro de los aspectos funcionales de \u00e9sta: la iluminaci\u00f3n. Para permitir el paso de la luz a su trav\u00e9s las hojas deben ser acristaladas.<\/span><br><\/p>\n\n\n<h2>2005<\/h2>\n\n\n\n\n\n\n\n\n\n<h2>NUESTROS PRODUCTOS&nbsp; &nbsp; &nbsp; &nbsp; &nbsp; &nbsp; &nbsp; &nbsp; &nbsp; &nbsp; &nbsp; &nbsp; &nbsp; &nbsp;&nbsp;<\/h2>\n\n<p style=\"text-align: center\">Trabajamos todos los sistemas de carp\u00ednter\u00eda Aluar, una soluci\u00f3n para cada necesidad: Residencial, Comercial, Edificios. Aberturas en todas sus tipolog\u00edas, frentes vidriados, barandas, mamparas, etc.&nbsp; Somos fabricantes de Doble Vidrio Herm\u00e9tico (DVH).<\/p>\n\n\n<p style=\"font-family:sen;font-size: 16px\">Trabajamos con toda la l\u00ednea Aluar de perfiler\u00eda para frentes vidriados, pieles de vidrio, etc.<\/p>\n\n\n<p style=\"font-family:sen;font-size: 16px\">Contamos con toda la l\u00ednea Aluar de perfiler\u00eda para el armado de sus aberturas.<\/p>\n\n\n<p style=\"font-family:sen;font-size: 16px\">Brindamos asesoramiento integral para la elecci\u00f3n de aberturas y vidrios, tanto comerciales como residenciales<\/p>\n\n\n\n\n\n\n<h2>QUE HACEMOS?<\/h2>\n\n<p>Sumamos confort a su hogar, valor a su comercio o propiedad a trav\u00e9s de aberturas de aluminio a medida.<\/p>\n\n\n<h2>NUESTRA MISI\u00d3N&nbsp; &nbsp; &nbsp; &nbsp; &nbsp; &nbsp;<\/h2>\n\n<p style=\"text-align: center\">\u00abTecnolog\u00eda y Confort en su Hogar\u00bb es la frase que nos gu\u00eda. Contando con el Dise\u00f1o de las l\u00edneas de carpinter\u00eda de Aluar.<\/p>\n\n\n<h2>ASESORAMIENTO&nbsp; &nbsp; &nbsp; &nbsp; &nbsp; &nbsp; &nbsp; &nbsp;<\/h2>\n\n<p>Brindamos asesoramiento sobre como elegir el producto adecuado, perfiler\u00eda, vidrios, colores. Lo ayudamos a obtener el mejor producto dentro de su presupuesto.<\/p>\n\n\n<h2>TRABAJO<\/h2>\n\n<p style=\"text-align: center\">Contamos con un equipo de personas capacitadas que generan valor durante todo el proceso de dise\u00f1o, armado e instalaci\u00f3n de las aberturas .&nbsp;<\/p>\n\n\n<h2>SoluCionES&nbsp; &nbsp; &nbsp; &nbsp;&nbsp;<\/h2>\n\n<p style=\"text-align: center\">Dar soluciones a sus necesidades es nuestra prioridad y nuestro desaf\u00edo.<\/p>\n\n\n\n\n","protected":false},"excerpt":{"rendered":"","protected":false},"author":0,"featured_media":0,"parent":0,"menu_order":0,"comment_status":"closed","ping_status":"closed","template":"","meta":{"_joinchat":[],"footnotes":""},"class_list":["post-11","page","type-page","status-publish","hentry"],"_links":{"self":[{"href":"http:\/\/www.okaberturas.com.ar\/wp\/wp-json\/wp\/v2\/pages\/11","targetHints":{"allow":["GET"]}}],"collection":[{"href":"http:\/\/www.okaberturas.com.ar\/wp\/wp-json\/wp\/v2\/pages"}],"about":[{"href":"http:\/\/www.okaberturas.com.ar\/wp\/wp-json\/wp\/v2\/types\/page"}],"replies":[{"embeddable":true,"href":"http:\/\/www.okaberturas.com.ar\/wp\/wp-json\/wp\/v2\/comments?post=11"}],"version-history":[{"count":37,"href":"http:\/\/www.okaberturas.com.ar\/wp\/wp-json\/wp\/v2\/pages\/11\/revisions"}],"predecessor-version":[{"id":276,"href":"http:\/\/www.okaberturas.com.ar\/wp\/wp-json\/wp\/v2\/pages\/11\/revisions\/276"}],"wp:attachment":[{"href":"http:\/\/www.okaberturas.com.ar\/wp\/wp-json\/wp\/v2\/media?parent=11"}],"curies":[{"name":"wp","href":"https:\/\/api.w.org\/{rel}","templated":true}]}}